{"id":5253,"date":"2024-07-17T01:28:24","date_gmt":"2024-07-16T23:28:24","guid":{"rendered":"https:\/\/lzw.digi-sol.de\/?page_id=5253"},"modified":"2026-04-03T13:01:40","modified_gmt":"2026-04-03T11:01:40","slug":"cornea-cross-linking-ccl","status":"publish","type":"page","link":"https:\/\/lzw-wiesbaden.de\/en\/linsenoperation\/cornea-cross-linking-ccl\/","title":{"rendered":"Cornea Cross Linking (CCL)"},"content":{"rendered":"\t\t<div data-elementor-type=\"wp-page\" data-elementor-id=\"5253\" class=\"elementor elementor-5253\" data-elementor-post-type=\"page\">\n\t\t\t\t<div class=\"elementor-element elementor-element-7e259de3 e-flex e-con-boxed e-con e-parent\" data-id=\"7e259de3\" data-element_type=\"container\" data-e-type=\"container\" data-settings=\"{&quot;background_background&quot;:&quot;classic&quot;}\">\n\t\t\t\t\t<div class=\"e-con-inner\">\n\t\t<div class=\"elementor-element elementor-element-1b9bdf49 e-con-full e-flex e-con e-child\" data-id=\"1b9bdf49\" data-element_type=\"container\" data-e-type=\"container\">\n\t\t\t\t<div class=\"elementor-element elementor-element-632fdde0 elementor-widget elementor-widget-heading\" data-id=\"632fdde0\" data-element_type=\"widget\" data-e-type=\"widget\" data-settings=\"{&quot;ekit_we_effect_on&quot;:&quot;none&quot;}\" data-widget_type=\"heading.default\">\n\t\t\t\t<div class=\"elementor-widget-container\">\n\t\t\t\t\t<h1 class=\"elementor-heading-title elementor-size-default\">Crosslinking bei Keratokonus<\/h1>\t\t\t\t<\/div>\n\t\t\t\t<\/div>\n\t\t\t\t<div class=\"elementor-element elementor-element-5fabe8d4 elementor-widget elementor-widget-text-editor\" data-id=\"5fabe8d4\" data-element_type=\"widget\" data-e-type=\"widget\" data-settings=\"{&quot;ekit_we_effect_on&quot;:&quot;none&quot;}\" data-widget_type=\"text-editor.default\">\n\t\t\t\t<div class=\"elementor-widget-container\">\n\t\t\t\t\t\t\t\t\t<p>Ihr Experte f\u00fcr Crosslinking bei Keratokonus: Modernste Techniken zur Hornhautstabilisierung.<\/p>\t\t\t\t\t\t\t\t<\/div>\n\t\t\t\t<\/div>\n\t\t<div class=\"elementor-element elementor-element-9952d85 e-con-full e-flex e-con e-child\" data-id=\"9952d85\" data-element_type=\"container\" data-e-type=\"container\">\n\t\t\t\t<div class=\"elementor-element elementor-element-306f936 elementor-widget__width-auto elementor-mobile-align-justify elementor-widget-mobile__width-initial elementor-widget elementor-widget-button\" data-id=\"306f936\" data-element_type=\"widget\" data-e-type=\"widget\" data-settings=\"{&quot;ekit_we_effect_on&quot;:&quot;none&quot;}\" data-widget_type=\"button.default\">\n\t\t\t\t<div class=\"elementor-widget-container\">\n\t\t\t\t\t\t\t\t\t<div class=\"elementor-button-wrapper\">\n\t\t\t\t\t<a class=\"elementor-button elementor-button-link elementor-size-sm\" href=\"tel:+49611360220\" kontakt=\"\">\n\t\t\t\t\t\t<span class=\"elementor-button-content-wrapper\">\n\t\t\t\t\t\t\t\t\t<span class=\"elementor-button-text\">Termin vereinbaren: 0611-360 220<\/span>\n\t\t\t\t\t<\/span>\n\t\t\t\t\t<\/a>\n\t\t\t\t<\/div>\n\t\t\t\t\t\t\t\t<\/div>\n\t\t\t\t<\/div>\n\t\t\t\t<\/div>\n\t\t\t\t<\/div>\n\t\t\t\t\t<\/div>\n\t\t\t\t<\/div>\n\t\t<div class=\"elementor-element elementor-element-477d1837 e-flex e-con-boxed e-con e-parent\" data-id=\"477d1837\" data-element_type=\"container\" data-e-type=\"container\" data-settings=\"{&quot;background_background&quot;:&quot;classic&quot;}\">\n\t\t\t\t\t<div class=\"e-con-inner\">\n\t\t<div class=\"elementor-element elementor-element-345b4cff e-con-full e-flex e-con e-child\" data-id=\"345b4cff\" data-element_type=\"container\" data-e-type=\"container\">\n\t\t\t\t<div class=\"elementor-element elementor-element-12ab788e elementor-widget elementor-widget-heading\" data-id=\"12ab788e\" data-element_type=\"widget\" data-e-type=\"widget\" data-settings=\"{&quot;ekit_we_effect_on&quot;:&quot;none&quot;}\" data-widget_type=\"heading.default\">\n\t\t\t\t<div class=\"elementor-widget-container\">\n\t\t\t\t\t<h2 class=\"elementor-heading-title elementor-size-default\">Vernetzung der Hornhaut bei Hornhauterkrankungen\n<\/h2>\t\t\t\t<\/div>\n\t\t\t\t<\/div>\n\t\t\t\t<div class=\"elementor-element elementor-element-3999af2f elementor-widget elementor-widget-text-editor\" data-id=\"3999af2f\" data-element_type=\"widget\" data-e-type=\"widget\" data-settings=\"{&quot;ekit_we_effect_on&quot;:&quot;none&quot;}\" data-widget_type=\"text-editor.default\">\n\t\t\t\t<div class=\"elementor-widget-container\">\n\t\t\t\t\t\t\t\t\t<p>Cornea Cross Linking (kurz: CCL) ist eine neue Methode zur Behandlung der Hornhauterkrankung Keratokonus in einer fr\u00fchen Phase mit UV-Licht und Vitamin B2.<\/p><p>Dazu wird das Epithel, die oberfl\u00e4chliche Hornhautzellschicht, entfernt. Anschlie\u00dfend wird Vitamin B2 (Riboflavin) auf die Hornhaut getropft und das Auge lokal mit UV-Licht bestrahlt. Durch das Licht Vitamin bewirkt das B2 eine Vernetzung in der Hornhaut.<\/p><p>Diese Methode kann den Keratokonus stoppen, der sonst im Laufe des Lebens immer weiter fortschreitet.<\/p>\t\t\t\t\t\t\t\t<\/div>\n\t\t\t\t<\/div>\n\t\t\t\t<\/div>\n\t\t<div class=\"elementor-element elementor-element-3b2cb40d e-con-full e-flex e-con e-child\" data-id=\"3b2cb40d\" data-element_type=\"container\" data-e-type=\"container\">\n\t\t\t\t<div class=\"elementor-element elementor-element-66ad3b4a elementor-widget elementor-widget-image\" data-id=\"66ad3b4a\" data-element_type=\"widget\" data-e-type=\"widget\" data-settings=\"{&quot;ekit_we_effect_on&quot;:&quot;none&quot;}\" data-widget_type=\"image.default\">\n\t\t\t\t<div class=\"elementor-widget-container\">\n\t\t\t\t\t\t\t\t\t\t\t\t\t\t\t<img fetchpriority=\"high\" decoding=\"async\" width=\"475\" height=\"594\" src=\"https:\/\/lzw-wiesbaden.de\/wp-content\/uploads\/2026\/04\/Beate_OP_LZW-1.png\" class=\"attachment-full size-full wp-image-8898\" alt=\"\" srcset=\"https:\/\/lzw-wiesbaden.de\/wp-content\/uploads\/2026\/04\/Beate_OP_LZW-1.png 475w, https:\/\/lzw-wiesbaden.de\/wp-content\/uploads\/2026\/04\/Beate_OP_LZW-1-240x300.png 240w, https:\/\/lzw-wiesbaden.de\/wp-content\/uploads\/2026\/04\/Beate_OP_LZW-1-10x12.png 10w\" sizes=\"(max-width: 475px) 100vw, 475px\" \/>\t\t\t\t\t\t\t\t\t\t\t\t\t\t\t<\/div>\n\t\t\t\t<\/div>\n\t\t\t\t<\/div>\n\t\t\t\t\t<\/div>\n\t\t\t\t<\/div>\n\t\t<div class=\"elementor-element elementor-element-3444dd29 e-flex e-con-boxed e-con e-parent\" data-id=\"3444dd29\" data-element_type=\"container\" data-e-type=\"container\" id=\"form-id\" data-settings=\"{&quot;background_background&quot;:&quot;classic&quot;}\">\n\t\t\t\t\t<div class=\"e-con-inner\">\n\t\t\t\t<div class=\"elementor-element elementor-element-4fc95e46 elementor-widget elementor-widget-heading\" data-id=\"4fc95e46\" data-element_type=\"widget\" data-e-type=\"widget\" data-settings=\"{&quot;ekit_we_effect_on&quot;:&quot;none&quot;}\" data-widget_type=\"heading.default\">\n\t\t\t\t<div class=\"elementor-widget-container\">\n\t\t\t\t\t<h3 class=\"elementor-heading-title elementor-size-default\">Jetzt ein individuelles Erstgespr\u00e4ch anfragen:<\/h3>\t\t\t\t<\/div>\n\t\t\t\t<\/div>\n\t\t\t\t<div class=\"elementor-element elementor-element-4402499 elementor-widget elementor-widget-wpforms\" data-id=\"4402499\" data-element_type=\"widget\" data-e-type=\"widget\" data-settings=\"{&quot;ekit_we_effect_on&quot;:&quot;none&quot;}\" data-widget_type=\"wpforms.default\">\n\t\t\t\t<div class=\"elementor-widget-container\">\n\t\t\t\t\t<div class=\"wpforms-container \" id=\"wpforms-44\"><form id=\"wpforms-form-44\" class=\"wpforms-validate wpforms-form\" data-formid=\"44\" method=\"post\" enctype=\"multipart\/form-data\" action=\"\/en\/wp-json\/wp\/v2\/pages\/5253\" data-token=\"4b4022e53635dd5c77b0e836e5ec22c8\" data-token-time=\"1776172224\"><noscript class=\"wpforms-error-noscript\">Please enable JavaScript in your browser to complete this form.<\/noscript><div class=\"wpforms-field-container\"><div id=\"wpforms-44-field_8-container\" class=\"wpforms-field wpforms-field-name\" data-field-id=\"8\"><label class=\"wpforms-field-label wpforms-label-hide\" for=\"wpforms-44-field_8\">Name <span class=\"wpforms-required-label\">*<\/span><\/label><input type=\"text\" id=\"wpforms-44-field_8\" class=\"wpforms-field-large wpforms-field-required\" name=\"wpforms[fields][8]\" placeholder=\"Vor- und Nachname\" required><\/div><div id=\"wpforms-44-field_1-container\" class=\"wpforms-field wpforms-field-email\" data-field-id=\"1\"><label class=\"wpforms-field-label wpforms-label-hide\" for=\"wpforms-44-field_1\">Email-Adresse <span class=\"wpforms-required-label\">*<\/span><\/label><input type=\"email\" id=\"wpforms-44-field_1\" class=\"wpforms-field-large wpforms-field-required\" name=\"wpforms[fields][1]\" placeholder=\"E-Mail Adresse\" spellcheck=\"false\" required><\/div>\t\t<div id=\"wpforms-44-field_3-container\"\n\t\t\tclass=\"wpforms-field wpforms-field-text\"\n\t\t\tdata-field-type=\"text\"\n\t\t\tdata-field-id=\"3\"\n\t\t\t>\n\t\t\t<label class=\"wpforms-field-label\" for=\"wpforms-44-field_3\" >Informationen Name Datenschutz<\/label>\n\t\t\t<input type=\"text\" id=\"wpforms-44-field_3\" class=\"wpforms-field-medium\" name=\"wpforms[fields][3]\" >\n\t\t<\/div>\n\t\t<div id=\"wpforms-44-field_11-container\" class=\"wpforms-field wpforms-field-number\" data-field-id=\"11\"><label class=\"wpforms-field-label wpforms-label-hide\" for=\"wpforms-44-field_11\">Telefonnummer<\/label><input type=\"number\" id=\"wpforms-44-field_11\" class=\"wpforms-field-large\" name=\"wpforms[fields][11]\" placeholder=\"Telefonnummer\" step=\"any\" ><\/div><div id=\"wpforms-44-field_2-container\" class=\"wpforms-field wpforms-field-textarea\" data-field-id=\"2\"><label class=\"wpforms-field-label wpforms-label-hide\" for=\"wpforms-44-field_2\">Nachricht <span class=\"wpforms-required-label\">*<\/span><\/label><textarea id=\"wpforms-44-field_2\" class=\"wpforms-field-large wpforms-field-required\" name=\"wpforms[fields][2]\" placeholder=\"Nachricht\" required><\/textarea><\/div><div id=\"wpforms-44-field_9-container\" class=\"wpforms-field wpforms-field-checkbox\" data-field-id=\"9\"><label class=\"wpforms-field-label\">Weitere Informationen<\/label><ul id=\"wpforms-44-field_9\"><li class=\"choice-1 depth-1 wpforms-selected\"><input type=\"checkbox\" id=\"wpforms-44-field_9_1\" name=\"wpforms[fields][9][]\" value=\"Ich bitte um einen R\u00fcckruf.\"   checked='checked'><label class=\"wpforms-field-label-inline\" for=\"wpforms-44-field_9_1\">Ich bitte um einen R\u00fcckruf.<\/label><\/li><\/ul><\/div><div id=\"wpforms-44-field_5-container\" class=\"wpforms-field wpforms-field-checkbox\" data-field-id=\"5\"><label class=\"wpforms-field-label\">Datenschutz <span class=\"wpforms-required-label\">*<\/span><\/label><ul id=\"wpforms-44-field_5\" class=\"wpforms-field-required\"><li class=\"choice-2 depth-1\"><input type=\"checkbox\" id=\"wpforms-44-field_5_2\" name=\"wpforms[fields][5][]\" value=\"Hiermit erkl\u00e4re ich mich mit der Verwendung meiner pers\u00f6nlichen Daten entsprechend der Datenschutzinformation einverstanden.\" required ><label class=\"wpforms-field-label-inline\" for=\"wpforms-44-field_5_2\">Hiermit erkl\u00e4re ich mich mit der Verwendung meiner pers\u00f6nlichen Daten entsprechend der Datenschutzinformation einverstanden.<\/label><\/li><\/ul><\/div><script>\n\t\t\t\t( function() {\n\t\t\t\t\tconst style = document.createElement( 'style' );\n\t\t\t\t\tstyle.appendChild( document.createTextNode( '#wpforms-44-field_3-container { position: absolute !important; overflow: hidden !important; display: inline !important; height: 1px !important; width: 1px !important; z-index: -1000 !important; padding: 0 !important; } #wpforms-44-field_3-container input { visibility: hidden; } #wpforms-conversational-form-page #wpforms-44-field_3-container label { counter-increment: none; }' ) );\n\t\t\t\t\tdocument.head.appendChild( style );\n\t\t\t\t\tdocument.currentScript?.remove();\n\t\t\t\t} )();\n\t\t\t<\/script><\/div><!-- .wpforms-field-container --><div class=\"wpforms-submit-container\" ><input type=\"hidden\" name=\"wpforms[id]\" value=\"44\"><input type=\"hidden\" name=\"page_title\" value=\"\"><input type=\"hidden\" name=\"page_url\" value=\"https:\/\/lzw-wiesbaden.de\/en\/wp-json\/wp\/v2\/pages\/5253\"><input type=\"hidden\" name=\"url_referer\" value=\"\"><button type=\"submit\" name=\"wpforms[submit]\" id=\"wpforms-submit-44\" class=\"wpforms-submit\" data-alt-text=\"Anfrage wird gesendet...\" data-submit-text=\"Abschicken\" aria-live=\"assertive\" value=\"wpforms-submit\">Abschicken<\/button><\/div><\/form><\/div>  <!-- .wpforms-container -->\t\t\t\t<\/div>\n\t\t\t\t<\/div>\n\t\t\t\t\t<\/div>\n\t\t\t\t<\/div>\n\t\t\t\t<\/div>\n\t\t","protected":false},"excerpt":{"rendered":"<p>Crosslinking bei Keratokonus Ihr Experte f\u00fcr Crosslinking bei Keratokonus: Modernste Techniken zur Hornhautstabilisierung. Termin vereinbaren: 0611-360 220 Vernetzung der Hornhaut bei Hornhauterkrankungen Cornea Cross Linking (kurz: CCL) ist eine neue Methode zur Behandlung der Hornhauterkrankung Keratokonus in einer fr\u00fchen Phase mit UV-Licht und Vitamin B2. Dazu wird das Epithel, die oberfl\u00e4chliche Hornhautzellschicht, entfernt. Anschlie\u00dfend wird [&hellip;]<\/p>\n","protected":false},"author":1,"featured_media":0,"parent":4585,"menu_order":0,"comment_status":"closed","ping_status":"closed","template":"","meta":{"site-sidebar-layout":"no-sidebar","site-content-layout":"page-builder","ast-site-content-layout":"full-width-container","site-content-style":"unboxed","site-sidebar-style":"unboxed","ast-global-header-display":"","ast-banner-title-visibility":"","ast-main-header-display":"","ast-hfb-above-header-display":"","ast-hfb-below-header-display":"","ast-hfb-mobile-header-display":"","site-post-title":"disabled","ast-breadcrumbs-content":"","ast-featured-img":"disabled","footer-sml-layout":"","ast-disable-related-posts":"","theme-transparent-header-meta":"enabled","adv-header-id-meta":"","stick-header-meta":"","header-above-stick-meta":"","header-main-stick-meta":"","header-below-stick-meta":"","astra-migrate-meta-layouts":"set","ast-page-background-enabled":"default","ast-page-background-meta":{"desktop":{"background-color":"","background-image":"","background-repeat":"repeat","background-position":"center center","background-size":"auto","background-attachment":"scroll","background-type":"","background-media":"","overlay-type":"","overlay-color":"","overlay-opacity":"","overlay-gradient":""},"tablet":{"background-color":"","background-image":"","background-repeat":"repeat","background-position":"center center","background-size":"auto","background-attachment":"scroll","background-type":"","background-media":"","overlay-type":"","overlay-color":"","overlay-opacity":"","overlay-gradient":""},"mobile":{"background-color":"","background-image":"","background-repeat":"repeat","background-position":"center center","background-size":"auto","background-attachment":"scroll","background-type":"","background-media":"","overlay-type":"","overlay-color":"","overlay-opacity":"","overlay-gradient":""}},"ast-content-background-meta":{"desktop":{"background-color":"var(--ast-global-color-5)","background-image":"","background-repeat":"repeat","background-position":"center center","background-size":"auto","background-attachment":"scroll","background-type":"","background-media":"","overlay-type":"","overlay-color":"","overlay-opacity":"","overlay-gradient":""},"tablet":{"background-color":"var(--ast-global-color-5)","background-image":"","background-repeat":"repeat","background-position":"center center","background-size":"auto","background-attachment":"scroll","background-type":"","background-media":"","overlay-type":"","overlay-color":"","overlay-opacity":"","overlay-gradient":""},"mobile":{"background-color":"var(--ast-global-color-5)","background-image":"","background-repeat":"repeat","background-position":"center center","background-size":"auto","background-attachment":"scroll","background-type":"","background-media":"","overlay-type":"","overlay-color":"","overlay-opacity":"","overlay-gradient":""}},"footnotes":""},"class_list":["post-5253","page","type-page","status-publish","hentry"],"yoast_head":"<!-- This site is optimized with the Yoast SEO plugin v27.3 - https:\/\/yoast.com\/product\/yoast-seo-wordpress\/ -->\n<title>Corneal Cross-Linking | Behandlung f\u00fcr Keratokonus | LZW<\/title>\n<meta name=\"description\" content=\"Experten f\u00fcr Corneal Cross-Linking im LZW. St\u00e4rkt die Hornhaut und stoppt das Fortschreiten von Keratokonus. \u2713Pr\u00e4zise \u2713Schmerzfrei. \u25ba Termin vereinbaren.\" \/>\n<meta name=\"robots\" content=\"noindex, follow\" \/>\n<meta property=\"og:locale\" content=\"en_US\" \/>\n<meta property=\"og:type\" content=\"article\" \/>\n<meta property=\"og:title\" content=\"Corneal Cross-Linking | Behandlung f\u00fcr Keratokonus | LZW\" \/>\n<meta property=\"og:description\" content=\"Experten f\u00fcr Corneal Cross-Linking im LZW. St\u00e4rkt die Hornhaut und stoppt das Fortschreiten von Keratokonus. \u2713Pr\u00e4zise \u2713Schmerzfrei. \u25ba Termin vereinbaren.\" \/>\n<meta property=\"og:url\" content=\"https:\/\/lzw-wiesbaden.de\/en\/lens-surgery\/cornea-cross-linking-ccl\/\" \/>\n<meta property=\"og:site_name\" content=\"Laserzentrum Wiesbaden\" \/>\n<meta property=\"article:modified_time\" content=\"2026-04-03T11:01:40+00:00\" \/>\n<meta property=\"og:image\" content=\"https:\/\/lzw-wiesbaden.de\/wp-content\/uploads\/2026\/04\/Beate_OP_LZW-1.png\" \/>\n\t<meta property=\"og:image:width\" content=\"475\" \/>\n\t<meta property=\"og:image:height\" content=\"594\" \/>\n\t<meta property=\"og:image:type\" content=\"image\/png\" \/>\n<meta name=\"twitter:card\" content=\"summary_large_image\" \/>\n<meta name=\"twitter:label1\" content=\"Est. reading time\" \/>\n\t<meta name=\"twitter:data1\" content=\"1 minute\" \/>\n<script type=\"application\/ld+json\" class=\"yoast-schema-graph\">{\"@context\":\"https:\\\/\\\/schema.org\",\"@graph\":[{\"@type\":\"WebPage\",\"@id\":\"https:\\\/\\\/lzw-wiesbaden.de\\\/linsenoperation\\\/cornea-cross-linking-ccl\\\/\",\"url\":\"https:\\\/\\\/lzw-wiesbaden.de\\\/linsenoperation\\\/cornea-cross-linking-ccl\\\/\",\"name\":\"Corneal Cross-Linking | Behandlung f\u00fcr Keratokonus | LZW\",\"isPartOf\":{\"@id\":\"https:\\\/\\\/lzw-wiesbaden.de\\\/#website\"},\"primaryImageOfPage\":{\"@id\":\"https:\\\/\\\/lzw-wiesbaden.de\\\/linsenoperation\\\/cornea-cross-linking-ccl\\\/#primaryimage\"},\"image\":{\"@id\":\"https:\\\/\\\/lzw-wiesbaden.de\\\/linsenoperation\\\/cornea-cross-linking-ccl\\\/#primaryimage\"},\"thumbnailUrl\":\"https:\\\/\\\/lzw-wiesbaden.de\\\/wp-content\\\/uploads\\\/2026\\\/04\\\/Beate_OP_LZW-1.png\",\"datePublished\":\"2024-07-16T23:28:24+00:00\",\"dateModified\":\"2026-04-03T11:01:40+00:00\",\"description\":\"Experten f\u00fcr Corneal Cross-Linking im LZW. St\u00e4rkt die Hornhaut und stoppt das Fortschreiten von Keratokonus. \u2713Pr\u00e4zise \u2713Schmerzfrei. \u25ba Termin vereinbaren.\",\"breadcrumb\":{\"@id\":\"https:\\\/\\\/lzw-wiesbaden.de\\\/linsenoperation\\\/cornea-cross-linking-ccl\\\/#breadcrumb\"},\"inLanguage\":\"en-US\",\"potentialAction\":[{\"@type\":\"ReadAction\",\"target\":[\"https:\\\/\\\/lzw-wiesbaden.de\\\/linsenoperation\\\/cornea-cross-linking-ccl\\\/\"]}]},{\"@type\":\"ImageObject\",\"inLanguage\":\"en-US\",\"@id\":\"https:\\\/\\\/lzw-wiesbaden.de\\\/linsenoperation\\\/cornea-cross-linking-ccl\\\/#primaryimage\",\"url\":\"https:\\\/\\\/lzw-wiesbaden.de\\\/wp-content\\\/uploads\\\/2026\\\/04\\\/Beate_OP_LZW-1.png\",\"contentUrl\":\"https:\\\/\\\/lzw-wiesbaden.de\\\/wp-content\\\/uploads\\\/2026\\\/04\\\/Beate_OP_LZW-1.png\"},{\"@type\":\"BreadcrumbList\",\"@id\":\"https:\\\/\\\/lzw-wiesbaden.de\\\/linsenoperation\\\/cornea-cross-linking-ccl\\\/#breadcrumb\",\"itemListElement\":[{\"@type\":\"ListItem\",\"position\":1,\"name\":\"Startseite\",\"item\":\"https:\\\/\\\/lzw-wiesbaden.de\\\/\"},{\"@type\":\"ListItem\",\"position\":2,\"name\":\"Linsenoperation\",\"item\":\"https:\\\/\\\/lzw-wiesbaden.de\\\/linsenoperation\\\/\"},{\"@type\":\"ListItem\",\"position\":3,\"name\":\"Cornea Cross Linking (CCL)\"}]},{\"@type\":\"WebSite\",\"@id\":\"https:\\\/\\\/lzw-wiesbaden.de\\\/#website\",\"url\":\"https:\\\/\\\/lzw-wiesbaden.de\\\/\",\"name\":\"Laserzentrum Wiesbaden\",\"description\":\"Privatklinik f\u00fcr Sehkorrekturen\",\"publisher\":{\"@id\":\"https:\\\/\\\/lzw-wiesbaden.de\\\/#organization\"},\"potentialAction\":[{\"@type\":\"SearchAction\",\"target\":{\"@type\":\"EntryPoint\",\"urlTemplate\":\"https:\\\/\\\/lzw-wiesbaden.de\\\/?s={search_term_string}\"},\"query-input\":{\"@type\":\"PropertyValueSpecification\",\"valueRequired\":true,\"valueName\":\"search_term_string\"}}],\"inLanguage\":\"en-US\"},{\"@type\":\"Organization\",\"@id\":\"https:\\\/\\\/lzw-wiesbaden.de\\\/#organization\",\"name\":\"Laserzentrum Wiesbaden\",\"url\":\"https:\\\/\\\/lzw-wiesbaden.de\\\/\",\"logo\":{\"@type\":\"ImageObject\",\"inLanguage\":\"en-US\",\"@id\":\"https:\\\/\\\/lzw-wiesbaden.de\\\/#\\\/schema\\\/logo\\\/image\\\/\",\"url\":\"https:\\\/\\\/lzw-wiesbaden.de\\\/wp-content\\\/uploads\\\/2023\\\/12\\\/lzw_logo_schriftzug.png\",\"contentUrl\":\"https:\\\/\\\/lzw-wiesbaden.de\\\/wp-content\\\/uploads\\\/2023\\\/12\\\/lzw_logo_schriftzug.png\",\"width\":600,\"height\":72,\"caption\":\"Laserzentrum Wiesbaden\"},\"image\":{\"@id\":\"https:\\\/\\\/lzw-wiesbaden.de\\\/#\\\/schema\\\/logo\\\/image\\\/\"}}]}<\/script>\n<!-- \/ Yoast SEO plugin. -->","yoast_head_json":{"title":"Corneal Cross-Linking | Treatment for Keratoconus | LZW","description":"Experts for corneal cross-linking at the LZW. Strengthens the cornea and stops the progression of keratoconus. \u2713Precise \u2713Painless. \u25ba Make an appointment.","robots":{"index":"noindex","follow":"follow"},"og_locale":"en_US","og_type":"article","og_title":"Corneal Cross-Linking | Behandlung f\u00fcr Keratokonus | LZW","og_description":"Experten f\u00fcr Corneal Cross-Linking im LZW. St\u00e4rkt die Hornhaut und stoppt das Fortschreiten von Keratokonus. \u2713Pr\u00e4zise \u2713Schmerzfrei. \u25ba Termin vereinbaren.","og_url":"https:\/\/lzw-wiesbaden.de\/en\/lens-surgery\/cornea-cross-linking-ccl\/","og_site_name":"Laserzentrum Wiesbaden","article_modified_time":"2026-04-03T11:01:40+00:00","og_image":[{"width":475,"height":594,"url":"https:\/\/lzw-wiesbaden.de\/wp-content\/uploads\/2026\/04\/Beate_OP_LZW-1.png","type":"image\/png"}],"twitter_card":"summary_large_image","twitter_misc":{"Est. reading time":"1 minute"},"schema":{"@context":"https:\/\/schema.org","@graph":[{"@type":"WebPage","@id":"https:\/\/lzw-wiesbaden.de\/linsenoperation\/cornea-cross-linking-ccl\/","url":"https:\/\/lzw-wiesbaden.de\/linsenoperation\/cornea-cross-linking-ccl\/","name":"Corneal Cross-Linking | Treatment for Keratoconus | LZW","isPartOf":{"@id":"https:\/\/lzw-wiesbaden.de\/#website"},"primaryImageOfPage":{"@id":"https:\/\/lzw-wiesbaden.de\/linsenoperation\/cornea-cross-linking-ccl\/#primaryimage"},"image":{"@id":"https:\/\/lzw-wiesbaden.de\/linsenoperation\/cornea-cross-linking-ccl\/#primaryimage"},"thumbnailUrl":"https:\/\/lzw-wiesbaden.de\/wp-content\/uploads\/2026\/04\/Beate_OP_LZW-1.png","datePublished":"2024-07-16T23:28:24+00:00","dateModified":"2026-04-03T11:01:40+00:00","description":"Experts for corneal cross-linking at the LZW. Strengthens the cornea and stops the progression of keratoconus. \u2713Precise \u2713Painless. \u25ba Make an appointment.","breadcrumb":{"@id":"https:\/\/lzw-wiesbaden.de\/linsenoperation\/cornea-cross-linking-ccl\/#breadcrumb"},"inLanguage":"en-US","potentialAction":[{"@type":"ReadAction","target":["https:\/\/lzw-wiesbaden.de\/linsenoperation\/cornea-cross-linking-ccl\/"]}]},{"@type":"ImageObject","inLanguage":"en-US","@id":"https:\/\/lzw-wiesbaden.de\/linsenoperation\/cornea-cross-linking-ccl\/#primaryimage","url":"https:\/\/lzw-wiesbaden.de\/wp-content\/uploads\/2026\/04\/Beate_OP_LZW-1.png","contentUrl":"https:\/\/lzw-wiesbaden.de\/wp-content\/uploads\/2026\/04\/Beate_OP_LZW-1.png"},{"@type":"BreadcrumbList","@id":"https:\/\/lzw-wiesbaden.de\/linsenoperation\/cornea-cross-linking-ccl\/#breadcrumb","itemListElement":[{"@type":"ListItem","position":1,"name":"Startseite","item":"https:\/\/lzw-wiesbaden.de\/"},{"@type":"ListItem","position":2,"name":"Linsenoperation","item":"https:\/\/lzw-wiesbaden.de\/linsenoperation\/"},{"@type":"ListItem","position":3,"name":"Cornea Cross Linking (CCL)"}]},{"@type":"WebSite","@id":"https:\/\/lzw-wiesbaden.de\/#website","url":"https:\/\/lzw-wiesbaden.de\/","name":"Laserzentrum Wiesbaden","description":"private clinic for vision correction","publisher":{"@id":"https:\/\/lzw-wiesbaden.de\/#organization"},"potentialAction":[{"@type":"SearchAction","target":{"@type":"EntryPoint","urlTemplate":"https:\/\/lzw-wiesbaden.de\/?s={search_term_string}"},"query-input":{"@type":"PropertyValueSpecification","valueRequired":true,"valueName":"search_term_string"}}],"inLanguage":"en-US"},{"@type":"Organization","@id":"https:\/\/lzw-wiesbaden.de\/#organization","name":"Laserzentrum Wiesbaden","url":"https:\/\/lzw-wiesbaden.de\/","logo":{"@type":"ImageObject","inLanguage":"en-US","@id":"https:\/\/lzw-wiesbaden.de\/#\/schema\/logo\/image\/","url":"https:\/\/lzw-wiesbaden.de\/wp-content\/uploads\/2023\/12\/lzw_logo_schriftzug.png","contentUrl":"https:\/\/lzw-wiesbaden.de\/wp-content\/uploads\/2023\/12\/lzw_logo_schriftzug.png","width":600,"height":72,"caption":"Laserzentrum Wiesbaden"},"image":{"@id":"https:\/\/lzw-wiesbaden.de\/#\/schema\/logo\/image\/"}}]}},"_links":{"self":[{"href":"https:\/\/lzw-wiesbaden.de\/en\/wp-json\/wp\/v2\/pages\/5253","targetHints":{"allow":["GET"]}}],"collection":[{"href":"https:\/\/lzw-wiesbaden.de\/en\/wp-json\/wp\/v2\/pages"}],"about":[{"href":"https:\/\/lzw-wiesbaden.de\/en\/wp-json\/wp\/v2\/types\/page"}],"author":[{"embeddable":true,"href":"https:\/\/lzw-wiesbaden.de\/en\/wp-json\/wp\/v2\/users\/1"}],"replies":[{"embeddable":true,"href":"https:\/\/lzw-wiesbaden.de\/en\/wp-json\/wp\/v2\/comments?post=5253"}],"version-history":[{"count":64,"href":"https:\/\/lzw-wiesbaden.de\/en\/wp-json\/wp\/v2\/pages\/5253\/revisions"}],"predecessor-version":[{"id":9254,"href":"https:\/\/lzw-wiesbaden.de\/en\/wp-json\/wp\/v2\/pages\/5253\/revisions\/9254"}],"up":[{"embeddable":true,"href":"https:\/\/lzw-wiesbaden.de\/en\/wp-json\/wp\/v2\/pages\/4585"}],"wp:attachment":[{"href":"https:\/\/lzw-wiesbaden.de\/en\/wp-json\/wp\/v2\/media?parent=5253"}],"curies":[{"name":"wp","href":"https:\/\/api.w.org\/{rel}","templated":true}]}}