{"id":7170,"date":"2024-12-12T22:27:38","date_gmt":"2024-12-12T21:27:38","guid":{"rendered":"https:\/\/lzw.digi-sol.de\/?page_id=7170"},"modified":"2025-01-05T22:28:26","modified_gmt":"2025-01-05T21:28:26","slug":"imprint","status":"publish","type":"page","link":"https:\/\/lzw-wiesbaden.de\/en\/impressum\/","title":{"rendered":"imprint"},"content":{"rendered":"<div data-elementor-type=\"wp-page\" data-elementor-id=\"7170\" class=\"elementor elementor-7170\" data-elementor-post-type=\"page\">\n\t\t\t\t<div class=\"elementor-element elementor-element-acea2f0 e-flex e-con-boxed e-con e-parent\" data-id=\"acea2f0\" data-element_type=\"container\" data-e-type=\"container\" id=\"2018\" data-settings=\"{&quot;background_background&quot;:&quot;classic&quot;}\">\n\t\t\t\t\t<div class=\"e-con-inner\">\n\t\t\t\t<div class=\"elementor-element elementor-element-c02ce12 elementor-widget elementor-widget-heading\" data-id=\"c02ce12\" data-element_type=\"widget\" data-e-type=\"widget\" data-settings=\"{&quot;ekit_we_effect_on&quot;:&quot;none&quot;}\" data-widget_type=\"heading.default\">\n\t\t\t\t<div class=\"elementor-widget-container\">\n\t\t\t\t\t<h4 class=\"elementor-heading-title elementor-size-default\">imprint<\/h4>\t\t\t\t<\/div>\n\t\t\t\t<\/div>\n\t\t\t\t<div class=\"elementor-element elementor-element-496e1d2 elementor-widget elementor-widget-text-editor\" data-id=\"496e1d2\" data-element_type=\"widget\" data-e-type=\"widget\" data-settings=\"{&quot;ekit_we_effect_on&quot;:&quot;none&quot;}\" data-widget_type=\"text-editor.default\">\n\t\t\t\t<div class=\"elementor-widget-container\">\n\t\t\t\t\t\t\t\t\t<p>Information according to \u00a7 5 TMG:<\/p><p><strong>contact<\/strong><\/p><p>LZW Laserzentrum Wiesbaden GmbH &amp; Co. KG<br \/>private clinic for vision correction<br \/>Friedrichstra\u00dfe 34<br \/>65185 Wiesbaden<\/p><p><a href=\"tel:+49611360220\">Tel.: +49 (0)611-360 220<\/a><br \/>Fax: +49 (0)611-360 2210<br \/><a href=\"mailto:info@lasik-wiesbaden.de\">Email: info@lasik-wiesbaden.de<\/a><\/p><p><strong><br \/>Responsible for content according to \u00a7 10 MDStV<br \/><\/strong><br \/>LZW Laserzentrum Wiesbaden GmbH &amp; Co. KG<br \/>AG Wiesbaden HRA 9146<\/p><p>Personally liable partner:<br \/>Laserzentrum Wiesbaden GmbH<br \/>AG Wiesbaden HRB 12482<\/p><p>Managing Director:<br \/>Dr. med. Beate Lindenblatt-Steinhorst<\/p><p><strong>VAT identification number<br \/>pursuant to Section 27 a<br \/><\/strong><br \/>VAT ID No.: DE264932457<\/p><p><strong><br \/>Website:<br \/><\/strong>concept\/design\/realization<br \/>Vincent Wewer<\/p><p>Photos:<br \/>Envato Elements, Freepik, Bausch + Lomb, ZEISS, LZW Laserzentrum Wiesbaden<\/p><p><strong><br \/>dispute resolution<\/strong><\/p><p>The European Commission provides a platform for online dispute resolution (ODR):\u00a0<a href=\"https:\/\/ec.europa.eu\/consumers\/odr\" target=\"_blank\" rel=\"noopener noreferrer\">https:\/\/ec.europa.eu\/consumers\/odr<\/a>.<br \/>You can find our email address above in the imprint. We are not willing or obliged to participate in dispute resolution proceedings before a consumer arbitration board.<\/p><p>\u00a0<\/p><p><strong>Liability for Links<\/strong><\/p><p>Our offer contains links to external third-party websites over whose content we have no influence. We therefore cannot accept any liability for this external content. The respective provider or operator of the pages is always responsible for the content of the linked pages. The linked pages were checked for possible legal violations at the time of linking. Illegal content was not recognizable at the time of linking.<\/p><p>However, permanent monitoring of the content of linked pages is not reasonable without concrete evidence of a legal violation. If we become aware of any legal violations, we will remove such links immediately.<\/p><p><strong>\u00a0<\/strong><\/p><p><strong>copyright<\/strong><\/p><p>All content and works provided on this website are subject to German copyright law. Any reproduction, processing, distribution or use outside of the legal provisions is only permitted with the prior written consent of the respective rights holder. Downloads and copies of this content are permitted exclusively for private, non-commercial purposes.<\/p><p>Content that was not created by the operator himself will be marked accordingly, and the rights of third parties will be conscientiously taken into account. Should you nevertheless become aware of a possible violation of copyright, please let us know. We will remove objectionable content immediately after checking.<\/p><p><strong>\u00a0<\/strong><\/p>\t\t\t\t\t\t\t\t<\/div>\n\t\t\t\t<\/div>\n\t\t\t\t\t<\/div>\n\t\t\t\t<\/div>\n\t\t\t\t<\/div>","protected":false},"excerpt":{"rendered":"<p>Impressum Angaben gem\u00e4\u00df \u00a7 5 TMG: Kontakt LZW Laserzentrum Wiesbaden GmbH &amp; Co. KGPrivatklinik f\u00fcr SehkorrekturenFriedrichstra\u00dfe 3465185 Wiesbaden Tel.: +49 (0)611-360 220Fax: +49 (0)611-360 2210E-Mail: info@lasik-wiesbaden.de Inhaltlich verantwortlich gem\u00e4\u00df \u00a7 10 MDStVLZW Laserzentrum Wiesbaden GmbH &amp; Co. KGAG Wiesbaden HRA 9146 Pers\u00f6nlich haftende Gesellschafterin:Laserzentrum Wiesbaden GmbHAG Wiesbaden HRB 12482 Gesch\u00e4ftsf\u00fchrerin:Dr. med. Beate Lindenblatt-Steinhorst Umsatzsteuer-Identifikationsnummergem\u00e4\u00df \u00a7 [&hellip;]<\/p>\n","protected":false},"author":1,"featured_media":0,"parent":0,"menu_order":0,"comment_status":"closed","ping_status":"closed","template":"","meta":{"site-sidebar-layout":"no-sidebar","site-content-layout":"page-builder","ast-site-content-layout":"full-width-container","site-content-style":"unboxed","site-sidebar-style":"unboxed","ast-global-header-display":"","ast-banner-title-visibility":"","ast-main-header-display":"","ast-hfb-above-header-display":"","ast-hfb-below-header-display":"","ast-hfb-mobile-header-display":"","site-post-title":"disabled","ast-breadcrumbs-content":"","ast-featured-img":"disabled","footer-sml-layout":"","ast-disable-related-posts":"","theme-transparent-header-meta":"enabled","adv-header-id-meta":"","stick-header-meta":"","header-above-stick-meta":"","header-main-stick-meta":"","header-below-stick-meta":"","astra-migrate-meta-layouts":"set","ast-page-background-enabled":"default","ast-page-background-meta":{"desktop":{"background-color":"","background-image":"","background-repeat":"repeat","background-position":"center center","background-size":"auto","background-attachment":"scroll","background-type":"","background-media":"","overlay-type":"","overlay-color":"","overlay-opacity":"","overlay-gradient":""},"tablet":{"background-color":"","background-image":"","background-repeat":"repeat","background-position":"center center","background-size":"auto","background-attachment":"scroll","background-type":"","background-media":"","overlay-type":"","overlay-color":"","overlay-opacity":"","overlay-gradient":""},"mobile":{"background-color":"","background-image":"","background-repeat":"repeat","background-position":"center center","background-size":"auto","background-attachment":"scroll","background-type":"","background-media":"","overlay-type":"","overlay-color":"","overlay-opacity":"","overlay-gradient":""}},"ast-content-background-meta":{"desktop":{"background-color":"var(--ast-global-color-5)","background-image":"","background-repeat":"repeat","background-position":"center center","background-size":"auto","background-attachment":"scroll","background-type":"","background-media":"","overlay-type":"","overlay-color":"","overlay-opacity":"","overlay-gradient":""},"tablet":{"background-color":"var(--ast-global-color-5)","background-image":"","background-repeat":"repeat","background-position":"center center","background-size":"auto","background-attachment":"scroll","background-type":"","background-media":"","overlay-type":"","overlay-color":"","overlay-opacity":"","overlay-gradient":""},"mobile":{"background-color":"var(--ast-global-color-5)","background-image":"","background-repeat":"repeat","background-position":"center center","background-size":"auto","background-attachment":"scroll","background-type":"","background-media":"","overlay-type":"","overlay-color":"","overlay-opacity":"","overlay-gradient":""}},"footnotes":""},"class_list":["post-7170","page","type-page","status-publish","hentry"],"yoast_head":"<!-- This site is optimized with the Yoast SEO plugin v27.3 - https:\/\/yoast.com\/product\/yoast-seo-wordpress\/ -->\n<title>Impressum | LZW<\/title>\n<meta name=\"robots\" content=\"noindex, follow\" \/>\n<meta property=\"og:locale\" content=\"en_US\" \/>\n<meta property=\"og:type\" content=\"article\" \/>\n<meta property=\"og:title\" content=\"Impressum | LZW\" \/>\n<meta property=\"og:description\" content=\"Impressum Angaben gem\u00e4\u00df \u00a7 5 TMG: Kontakt LZW Laserzentrum Wiesbaden GmbH &amp; Co. KGPrivatklinik f\u00fcr SehkorrekturenFriedrichstra\u00dfe 3465185 Wiesbaden Tel.: +49 (0)611-360 220Fax: +49 (0)611-360 2210E-Mail: info@lasik-wiesbaden.de Inhaltlich verantwortlich gem\u00e4\u00df \u00a7 10 MDStVLZW Laserzentrum Wiesbaden GmbH &amp; Co. KGAG Wiesbaden HRA 9146 Pers\u00f6nlich haftende Gesellschafterin:Laserzentrum Wiesbaden GmbHAG Wiesbaden HRB 12482 Gesch\u00e4ftsf\u00fchrerin:Dr. med. Beate Lindenblatt-Steinhorst Umsatzsteuer-Identifikationsnummergem\u00e4\u00df \u00a7 [&hellip;]\" \/>\n<meta property=\"og:url\" content=\"https:\/\/lzw-wiesbaden.de\/en\/imprint\/\" \/>\n<meta property=\"og:site_name\" content=\"Laserzentrum Wiesbaden\" \/>\n<meta property=\"article:modified_time\" content=\"2025-01-05T21:28:26+00:00\" \/>\n<meta property=\"og:image\" content=\"https:\/\/lzw-wiesbaden.de\/wp-content\/uploads\/2024\/07\/lzw_dr_beate_steinhorst_banner.jpg\" \/>\n\t<meta property=\"og:image:width\" content=\"2560\" \/>\n\t<meta property=\"og:image:height\" content=\"1298\" \/>\n\t<meta property=\"og:image:type\" content=\"image\/jpeg\" \/>\n<meta name=\"twitter:card\" content=\"summary_large_image\" \/>\n<meta name=\"twitter:label1\" content=\"Est. reading time\" \/>\n\t<meta name=\"twitter:data1\" content=\"2 minutes\" \/>\n<script type=\"application\/ld+json\" class=\"yoast-schema-graph\">{\"@context\":\"https:\\\/\\\/schema.org\",\"@graph\":[{\"@type\":\"WebPage\",\"@id\":\"https:\\\/\\\/lzw-wiesbaden.de\\\/impressum\\\/\",\"url\":\"https:\\\/\\\/lzw-wiesbaden.de\\\/impressum\\\/\",\"name\":\"Impressum | LZW\",\"isPartOf\":{\"@id\":\"https:\\\/\\\/lzw-wiesbaden.de\\\/#website\"},\"datePublished\":\"2024-12-12T21:27:38+00:00\",\"dateModified\":\"2025-01-05T21:28:26+00:00\",\"breadcrumb\":{\"@id\":\"https:\\\/\\\/lzw-wiesbaden.de\\\/impressum\\\/#breadcrumb\"},\"inLanguage\":\"en-US\",\"potentialAction\":[{\"@type\":\"ReadAction\",\"target\":[\"https:\\\/\\\/lzw-wiesbaden.de\\\/impressum\\\/\"]}]},{\"@type\":\"BreadcrumbList\",\"@id\":\"https:\\\/\\\/lzw-wiesbaden.de\\\/impressum\\\/#breadcrumb\",\"itemListElement\":[{\"@type\":\"ListItem\",\"position\":1,\"name\":\"Startseite\",\"item\":\"https:\\\/\\\/lzw-wiesbaden.de\\\/\"},{\"@type\":\"ListItem\",\"position\":2,\"name\":\"Impressum\"}]},{\"@type\":\"WebSite\",\"@id\":\"https:\\\/\\\/lzw-wiesbaden.de\\\/#website\",\"url\":\"https:\\\/\\\/lzw-wiesbaden.de\\\/\",\"name\":\"Laserzentrum Wiesbaden\",\"description\":\"Privatklinik f\u00fcr Sehkorrekturen\",\"publisher\":{\"@id\":\"https:\\\/\\\/lzw-wiesbaden.de\\\/#organization\"},\"potentialAction\":[{\"@type\":\"SearchAction\",\"target\":{\"@type\":\"EntryPoint\",\"urlTemplate\":\"https:\\\/\\\/lzw-wiesbaden.de\\\/?s={search_term_string}\"},\"query-input\":{\"@type\":\"PropertyValueSpecification\",\"valueRequired\":true,\"valueName\":\"search_term_string\"}}],\"inLanguage\":\"en-US\"},{\"@type\":\"Organization\",\"@id\":\"https:\\\/\\\/lzw-wiesbaden.de\\\/#organization\",\"name\":\"Laserzentrum Wiesbaden\",\"url\":\"https:\\\/\\\/lzw-wiesbaden.de\\\/\",\"logo\":{\"@type\":\"ImageObject\",\"inLanguage\":\"en-US\",\"@id\":\"https:\\\/\\\/lzw-wiesbaden.de\\\/#\\\/schema\\\/logo\\\/image\\\/\",\"url\":\"https:\\\/\\\/lzw-wiesbaden.de\\\/wp-content\\\/uploads\\\/2023\\\/12\\\/lzw_logo_schriftzug.png\",\"contentUrl\":\"https:\\\/\\\/lzw-wiesbaden.de\\\/wp-content\\\/uploads\\\/2023\\\/12\\\/lzw_logo_schriftzug.png\",\"width\":600,\"height\":72,\"caption\":\"Laserzentrum Wiesbaden\"},\"image\":{\"@id\":\"https:\\\/\\\/lzw-wiesbaden.de\\\/#\\\/schema\\\/logo\\\/image\\\/\"}}]}<\/script>\n<!-- \/ Yoast SEO plugin. -->","yoast_head_json":{"title":"Imprint | LZW","robots":{"index":"noindex","follow":"follow"},"og_locale":"en_US","og_type":"article","og_title":"Impressum | LZW","og_description":"Impressum Angaben gem\u00e4\u00df \u00a7 5 TMG: Kontakt LZW Laserzentrum Wiesbaden GmbH &amp; Co. KGPrivatklinik f\u00fcr SehkorrekturenFriedrichstra\u00dfe 3465185 Wiesbaden Tel.: +49 (0)611-360 220Fax: +49 (0)611-360 2210E-Mail: info@lasik-wiesbaden.de Inhaltlich verantwortlich gem\u00e4\u00df \u00a7 10 MDStVLZW Laserzentrum Wiesbaden GmbH &amp; Co. KGAG Wiesbaden HRA 9146 Pers\u00f6nlich haftende Gesellschafterin:Laserzentrum Wiesbaden GmbHAG Wiesbaden HRB 12482 Gesch\u00e4ftsf\u00fchrerin:Dr. med. Beate Lindenblatt-Steinhorst Umsatzsteuer-Identifikationsnummergem\u00e4\u00df \u00a7 [&hellip;]","og_url":"https:\/\/lzw-wiesbaden.de\/en\/imprint\/","og_site_name":"Laserzentrum Wiesbaden","article_modified_time":"2025-01-05T21:28:26+00:00","og_image":[{"width":2560,"height":1298,"url":"https:\/\/lzw-wiesbaden.de\/wp-content\/uploads\/2024\/07\/lzw_dr_beate_steinhorst_banner.jpg","type":"image\/jpeg"}],"twitter_card":"summary_large_image","twitter_misc":{"Est. reading time":"2 minutes"},"schema":{"@context":"https:\/\/schema.org","@graph":[{"@type":"WebPage","@id":"https:\/\/lzw-wiesbaden.de\/impressum\/","url":"https:\/\/lzw-wiesbaden.de\/impressum\/","name":"Imprint | LZW","isPartOf":{"@id":"https:\/\/lzw-wiesbaden.de\/#website"},"datePublished":"2024-12-12T21:27:38+00:00","dateModified":"2025-01-05T21:28:26+00:00","breadcrumb":{"@id":"https:\/\/lzw-wiesbaden.de\/impressum\/#breadcrumb"},"inLanguage":"en-US","potentialAction":[{"@type":"ReadAction","target":["https:\/\/lzw-wiesbaden.de\/impressum\/"]}]},{"@type":"BreadcrumbList","@id":"https:\/\/lzw-wiesbaden.de\/impressum\/#breadcrumb","itemListElement":[{"@type":"ListItem","position":1,"name":"Startseite","item":"https:\/\/lzw-wiesbaden.de\/"},{"@type":"ListItem","position":2,"name":"Impressum"}]},{"@type":"WebSite","@id":"https:\/\/lzw-wiesbaden.de\/#website","url":"https:\/\/lzw-wiesbaden.de\/","name":"Laserzentrum Wiesbaden","description":"private clinic for vision correction","publisher":{"@id":"https:\/\/lzw-wiesbaden.de\/#organization"},"potentialAction":[{"@type":"SearchAction","target":{"@type":"EntryPoint","urlTemplate":"https:\/\/lzw-wiesbaden.de\/?s={search_term_string}"},"query-input":{"@type":"PropertyValueSpecification","valueRequired":true,"valueName":"search_term_string"}}],"inLanguage":"en-US"},{"@type":"Organization","@id":"https:\/\/lzw-wiesbaden.de\/#organization","name":"Laserzentrum Wiesbaden","url":"https:\/\/lzw-wiesbaden.de\/","logo":{"@type":"ImageObject","inLanguage":"en-US","@id":"https:\/\/lzw-wiesbaden.de\/#\/schema\/logo\/image\/","url":"https:\/\/lzw-wiesbaden.de\/wp-content\/uploads\/2023\/12\/lzw_logo_schriftzug.png","contentUrl":"https:\/\/lzw-wiesbaden.de\/wp-content\/uploads\/2023\/12\/lzw_logo_schriftzug.png","width":600,"height":72,"caption":"Laserzentrum Wiesbaden"},"image":{"@id":"https:\/\/lzw-wiesbaden.de\/#\/schema\/logo\/image\/"}}]}},"_links":{"self":[{"href":"https:\/\/lzw-wiesbaden.de\/en\/wp-json\/wp\/v2\/pages\/7170","targetHints":{"allow":["GET"]}}],"collection":[{"href":"https:\/\/lzw-wiesbaden.de\/en\/wp-json\/wp\/v2\/pages"}],"about":[{"href":"https:\/\/lzw-wiesbaden.de\/en\/wp-json\/wp\/v2\/types\/page"}],"author":[{"embeddable":true,"href":"https:\/\/lzw-wiesbaden.de\/en\/wp-json\/wp\/v2\/users\/1"}],"replies":[{"embeddable":true,"href":"https:\/\/lzw-wiesbaden.de\/en\/wp-json\/wp\/v2\/comments?post=7170"}],"version-history":[{"count":10,"href":"https:\/\/lzw-wiesbaden.de\/en\/wp-json\/wp\/v2\/pages\/7170\/revisions"}],"predecessor-version":[{"id":7484,"href":"https:\/\/lzw-wiesbaden.de\/en\/wp-json\/wp\/v2\/pages\/7170\/revisions\/7484"}],"wp:attachment":[{"href":"https:\/\/lzw-wiesbaden.de\/en\/wp-json\/wp\/v2\/media?parent=7170"}],"curies":[{"name":"wp","href":"https:\/\/api.w.org\/{rel}","templated":true}]}}