{"id":7493,"date":"2025-01-05T23:52:08","date_gmt":"2025-01-05T22:52:08","guid":{"rendered":"https:\/\/lzw.digi-sol.de\/?page_id=7493"},"modified":"2026-04-03T13:02:03","modified_gmt":"2026-04-03T11:02:03","slug":"cooperation-partner-lzw","status":"publish","type":"page","link":"https:\/\/lzw-wiesbaden.de\/en\/kooperationspartner-lzw\/","title":{"rendered":"Kooperationen"},"content":{"rendered":"<div data-elementor-type=\"wp-page\" data-elementor-id=\"7493\" class=\"elementor elementor-7493\" data-elementor-post-type=\"page\">\n\t\t\t\t<div class=\"elementor-element elementor-element-2cfe238 e-flex e-con-boxed e-con e-parent\" data-id=\"2cfe238\" data-element_type=\"container\" data-e-type=\"container\" data-settings=\"{&quot;background_background&quot;:&quot;classic&quot;}\">\n\t\t\t\t\t<div class=\"e-con-inner\">\n\t\t<div class=\"elementor-element elementor-element-1b128f5 e-con-full e-flex e-con e-child\" data-id=\"1b128f5\" data-element_type=\"container\" data-e-type=\"container\">\n\t\t\t\t<div class=\"elementor-element elementor-element-f8dca79 elementor-hidden-mobile elementor-widget elementor-widget-heading\" data-id=\"f8dca79\" data-element_type=\"widget\" data-e-type=\"widget\" data-settings=\"{&quot;ekit_we_effect_on&quot;:&quot;none&quot;}\" data-widget_type=\"heading.default\">\n\t\t\t\t<div class=\"elementor-widget-container\">\n\t\t\t\t\t<h1 class=\"elementor-heading-title elementor-size-default\">Our strong cooperation partners<\/h1>\t\t\t\t<\/div>\n\t\t\t\t<\/div>\n\t\t\t\t<div class=\"elementor-element elementor-element-e3e5504 elementor-hidden-desktop elementor-hidden-tablet elementor-widget elementor-widget-heading\" data-id=\"e3e5504\" data-element_type=\"widget\" data-e-type=\"widget\" data-settings=\"{&quot;ekit_we_effect_on&quot;:&quot;none&quot;}\" data-widget_type=\"heading.default\">\n\t\t\t\t<div class=\"elementor-widget-container\">\n\t\t\t\t\t<h1 class=\"elementor-heading-title elementor-size-default\">Unsere starken Kooperations-partner<\/h1>\t\t\t\t<\/div>\n\t\t\t\t<\/div>\n\t\t\t\t<div class=\"elementor-element elementor-element-641dba1 elementor-widget elementor-widget-text-editor\" data-id=\"641dba1\" data-element_type=\"widget\" data-e-type=\"widget\" data-settings=\"{&quot;ekit_we_effect_on&quot;:&quot;none&quot;}\" data-widget_type=\"text-editor.default\">\n\t\t\t\t<div class=\"elementor-widget-container\">\n\t\t\t\t\t\t\t\t\t<p>In order to offer you the best possible care, we work with selected partners from the fields of ophthalmology, healthcare and technology.<\/p>\t\t\t\t\t\t\t\t<\/div>\n\t\t\t\t<\/div>\n\t\t<div class=\"elementor-element elementor-element-b1dcf34 e-flex e-con-boxed e-con e-child\" data-id=\"b1dcf34\" data-element_type=\"container\" data-e-type=\"container\">\n\t\t\t\t\t<div class=\"e-con-inner\">\n\t\t\t\t<div class=\"elementor-element elementor-element-ce3a219 elementor-widget__width-auto elementor-mobile-align-justify elementor-widget-mobile__width-initial elementor-widget elementor-widget-button\" data-id=\"ce3a219\" data-element_type=\"widget\" data-e-type=\"widget\" data-settings=\"{&quot;ekit_we_effect_on&quot;:&quot;none&quot;}\" data-widget_type=\"button.default\">\n\t\t\t\t<div class=\"elementor-widget-container\">\n\t\t\t\t\t\t\t\t\t<div class=\"elementor-button-wrapper\">\n\t\t\t\t\t<a class=\"elementor-button elementor-button-link elementor-size-sm\" href=\"#offene-stellen\" kontakt=\"\">\n\t\t\t\t\t\t<span class=\"elementor-button-content-wrapper\">\n\t\t\t\t\t\t\t\t\t<span class=\"elementor-button-text\">Kooperationspartner entdecken<\/span>\n\t\t\t\t\t<\/span>\n\t\t\t\t\t<\/a>\n\t\t\t\t<\/div>\n\t\t\t\t\t\t\t\t<\/div>\n\t\t\t\t<\/div>\n\t\t\t\t\t<\/div>\n\t\t\t\t<\/div>\n\t\t\t\t<\/div>\n\t\t\t\t\t<\/div>\n\t\t\t\t<\/div>\n\t\t<div class=\"elementor-element elementor-element-11176c6b e-flex e-con-boxed e-con e-parent\" data-id=\"11176c6b\" data-element_type=\"container\" data-e-type=\"container\" data-settings=\"{&quot;background_background&quot;:&quot;classic&quot;}\">\n\t\t\t\t\t<div class=\"e-con-inner\">\n\t\t<div class=\"elementor-element elementor-element-2b09318b e-con-full e-flex e-con e-child\" data-id=\"2b09318b\" data-element_type=\"container\" data-e-type=\"container\">\n\t\t\t\t<div class=\"elementor-element elementor-element-224aa19b elementor-widget elementor-widget-text-editor\" data-id=\"224aa19b\" data-element_type=\"widget\" data-e-type=\"widget\" data-settings=\"{&quot;ekit_we_effect_on&quot;:&quot;none&quot;}\" data-widget_type=\"text-editor.default\">\n\t\t\t\t<div class=\"elementor-widget-container\">\n\t\t\t\t\t\t\t\t\t<p>These partnerships enable us to provide the most modern procedures, innovative technologies and sound advice. Together we are committed to your eye health \u2013 at the highest level.<\/p>\t\t\t\t\t\t\t\t<\/div>\n\t\t\t\t<\/div>\n\t\t\t\t<\/div>\n\t\t<div class=\"elementor-element elementor-element-6dda1822 e-con-full e-flex e-con e-child\" data-id=\"6dda1822\" data-element_type=\"container\" data-e-type=\"container\">\n\t\t\t\t<div class=\"elementor-element elementor-element-17dee847 elementor-widget elementor-widget-image\" data-id=\"17dee847\" data-element_type=\"widget\" data-e-type=\"widget\" data-settings=\"{&quot;ekit_we_effect_on&quot;:&quot;none&quot;}\" data-widget_type=\"image.default\">\n\t\t\t\t<div class=\"elementor-widget-container\">\n\t\t\t\t\t\t\t\t\t\t\t\t\t\t\t<img fetchpriority=\"high\" decoding=\"async\" width=\"599\" height=\"599\" src=\"https:\/\/lzw-wiesbaden.de\/wp-content\/uploads\/2024\/07\/lzw_bva_kooperationgif.gif\" class=\"attachment-full size-full wp-image-4806\" alt=\"Logo of the Professional Association of Ophthalmologists in Germany (BVA)\" \/>\t\t\t\t\t\t\t\t\t\t\t\t\t\t\t<\/div>\n\t\t\t\t<\/div>\n\t\t\t\t<\/div>\n\t\t\t\t\t<\/div>\n\t\t\t\t<\/div>\n\t\t<div class=\"elementor-element elementor-element-6499ec5 e-flex e-con-boxed e-con e-parent\" data-id=\"6499ec5\" data-element_type=\"container\" data-e-type=\"container\" id=\"offene-stellen\" data-settings=\"{&quot;background_background&quot;:&quot;classic&quot;}\">\n\t\t\t\t\t<div class=\"e-con-inner\">\n\t\t<div class=\"elementor-element elementor-element-4a2100e e-con-full e-flex e-con e-child\" data-id=\"4a2100e\" data-element_type=\"container\" data-e-type=\"container\">\n\t\t<div class=\"elementor-element elementor-element-e2b7bf9 e-grid e-con-full e-con e-child\" data-id=\"e2b7bf9\" data-element_type=\"container\" data-e-type=\"container\">\n\t\t\t\t<div class=\"elementor-element elementor-element-4baff53 elementor-position-top elementor-widget elementor-widget-image-box\" data-id=\"4baff53\" data-element_type=\"widget\" data-e-type=\"widget\" data-settings=\"{&quot;ekit_we_effect_on&quot;:&quot;none&quot;}\" data-widget_type=\"image-box.default\">\n\t\t\t\t<div class=\"elementor-widget-container\">\n\t\t\t\t\t<div class=\"elementor-image-box-wrapper\"><figure class=\"elementor-image-box-img\"><img decoding=\"async\" width=\"412\" height=\"210\" src=\"https:\/\/lzw-wiesbaden.de\/wp-content\/uploads\/2023\/12\/lzw_bausch_lomb_logo.png\" class=\"attachment-full size-full wp-image-1765\" alt=\"Bausch + Lomb logo\" srcset=\"https:\/\/lzw-wiesbaden.de\/wp-content\/uploads\/2023\/12\/lzw_bausch_lomb_logo.png 412w, https:\/\/lzw-wiesbaden.de\/wp-content\/uploads\/2023\/12\/lzw_bausch_lomb_logo-300x153.png 300w\" sizes=\"(max-width: 412px) 100vw, 412px\" \/><\/figure><div class=\"elementor-image-box-content\"><h3 class=\"elementor-image-box-title\">Bausch &amp; Lomb GmbH\u2028<\/h3><p class=\"elementor-image-box-description\">One of the world&#039;s leading providers of contact lenses, eye care products and surgical solutions in ophthalmology.<\/p><\/div><\/div>\t\t\t\t<\/div>\n\t\t\t\t<\/div>\n\t\t\t\t<div class=\"elementor-element elementor-element-8591c41 elementor-position-top elementor-widget elementor-widget-image-box\" data-id=\"8591c41\" data-element_type=\"widget\" data-e-type=\"widget\" data-settings=\"{&quot;ekit_we_effect_on&quot;:&quot;none&quot;}\" data-widget_type=\"image-box.default\">\n\t\t\t\t<div class=\"elementor-widget-container\">\n\t\t\t\t\t<div class=\"elementor-image-box-wrapper\"><figure class=\"elementor-image-box-img\"><img decoding=\"async\" width=\"858\" height=\"354\" src=\"https:\/\/lzw-wiesbaden.de\/wp-content\/uploads\/2024\/07\/lzw_pvs_kooperation_limbur_lahn.png\" class=\"attachment-full size-full wp-image-4787\" alt=\"Logo of the Private Medical Clearing Office (PVS) Limburg-Lahn.\" srcset=\"https:\/\/lzw-wiesbaden.de\/wp-content\/uploads\/2024\/07\/lzw_pvs_kooperation_limbur_lahn.png 858w, https:\/\/lzw-wiesbaden.de\/wp-content\/uploads\/2024\/07\/lzw_pvs_kooperation_limbur_lahn-300x124.png 300w, https:\/\/lzw-wiesbaden.de\/wp-content\/uploads\/2024\/07\/lzw_pvs_kooperation_limbur_lahn-768x317.png 768w\" sizes=\"(max-width: 858px) 100vw, 858px\" \/><\/figure><div class=\"elementor-image-box-content\"><h3 class=\"elementor-image-box-title\">PVS Private Medical Clearing Office<\/h3><p class=\"elementor-image-box-description\">Supports us in the reliable and professional billing of private medical bills for our patients.<\/p><\/div><\/div>\t\t\t\t<\/div>\n\t\t\t\t<\/div>\n\t\t\t\t<div class=\"elementor-element elementor-element-478d89e elementor-position-top elementor-widget elementor-widget-image-box\" data-id=\"478d89e\" data-element_type=\"widget\" data-e-type=\"widget\" data-settings=\"{&quot;ekit_we_effect_on&quot;:&quot;none&quot;}\" data-widget_type=\"image-box.default\">\n\t\t\t\t<div class=\"elementor-widget-container\">\n\t\t\t\t\t<div class=\"elementor-image-box-wrapper\"><figure class=\"elementor-image-box-img\"><img loading=\"lazy\" decoding=\"async\" width=\"300\" height=\"74\" src=\"https:\/\/lzw-wiesbaden.de\/wp-content\/uploads\/2025\/01\/Helios_Kliniken_logo.svg.png\" class=\"attachment-full size-full wp-image-7495\" alt=\"\" \/><\/figure><div class=\"elementor-image-box-content\"><h3 class=\"elementor-image-box-title\">DKD German Clinic for Diagnostics<\/h3><p class=\"elementor-image-box-description\">Specialized in precise diagnostics and interdisciplinary collaboration for the best possible patient care.\n\n<\/p><\/div><\/div>\t\t\t\t<\/div>\n\t\t\t\t<\/div>\n\t\t\t\t<div class=\"elementor-element elementor-element-4fbe839 elementor-position-top elementor-widget elementor-widget-image-box\" data-id=\"4fbe839\" data-element_type=\"widget\" data-e-type=\"widget\" data-settings=\"{&quot;ekit_we_effect_on&quot;:&quot;none&quot;}\" data-widget_type=\"image-box.default\">\n\t\t\t\t<div class=\"elementor-widget-container\">\n\t\t\t\t\t<div class=\"elementor-image-box-wrapper\"><figure class=\"elementor-image-box-img\"><img loading=\"lazy\" decoding=\"async\" width=\"1425\" height=\"1430\" src=\"https:\/\/lzw-wiesbaden.de\/wp-content\/uploads\/2023\/12\/lzw_zeiss_logo.png\" class=\"attachment-full size-full wp-image-1767\" alt=\"ZEISS logo\" srcset=\"https:\/\/lzw-wiesbaden.de\/wp-content\/uploads\/2023\/12\/lzw_zeiss_logo.png 1425w, https:\/\/lzw-wiesbaden.de\/wp-content\/uploads\/2023\/12\/lzw_zeiss_logo-300x300.png 300w, https:\/\/lzw-wiesbaden.de\/wp-content\/uploads\/2023\/12\/lzw_zeiss_logo-1020x1024.png 1020w, https:\/\/lzw-wiesbaden.de\/wp-content\/uploads\/2023\/12\/lzw_zeiss_logo-150x150.png 150w, https:\/\/lzw-wiesbaden.de\/wp-content\/uploads\/2023\/12\/lzw_zeiss_logo-768x771.png 768w\" sizes=\"(max-width: 1425px) 100vw, 1425px\" \/><\/figure><div class=\"elementor-image-box-content\"><h3 class=\"elementor-image-box-title\">Carl Zeiss Meditec AG<\/h3><p class=\"elementor-image-box-description\">Innovative partner for high-precision medical technology and optical devices that we use in laser eye treatment.<\/p><\/div><\/div>\t\t\t\t<\/div>\n\t\t\t\t<\/div>\n\t\t\t\t<div class=\"elementor-element elementor-element-b170c00 elementor-position-top elementor-widget elementor-widget-image-box\" data-id=\"b170c00\" data-element_type=\"widget\" data-e-type=\"widget\" data-settings=\"{&quot;ekit_we_effect_on&quot;:&quot;none&quot;}\" data-widget_type=\"image-box.default\">\n\t\t\t\t<div class=\"elementor-widget-container\">\n\t\t\t\t\t<div class=\"elementor-image-box-wrapper\"><figure class=\"elementor-image-box-img\"><img loading=\"lazy\" decoding=\"async\" width=\"2560\" height=\"789\" src=\"https:\/\/lzw-wiesbaden.de\/wp-content\/uploads\/2023\/12\/lzw_bioscientia_logo.png\" class=\"attachment-full size-full wp-image-1766\" alt=\"Bioscientia logo\" srcset=\"https:\/\/lzw-wiesbaden.de\/wp-content\/uploads\/2023\/12\/lzw_bioscientia_logo.png 2560w, https:\/\/lzw-wiesbaden.de\/wp-content\/uploads\/2023\/12\/lzw_bioscientia_logo-300x92.png 300w, https:\/\/lzw-wiesbaden.de\/wp-content\/uploads\/2023\/12\/lzw_bioscientia_logo-1024x315.png 1024w, https:\/\/lzw-wiesbaden.de\/wp-content\/uploads\/2023\/12\/lzw_bioscientia_logo-768x237.png 768w, https:\/\/lzw-wiesbaden.de\/wp-content\/uploads\/2023\/12\/lzw_bioscientia_logo-1536x473.png 1536w, https:\/\/lzw-wiesbaden.de\/wp-content\/uploads\/2023\/12\/lzw_bioscientia_logo-2048x631.png 2048w\" sizes=\"(max-width: 2560px) 100vw, 2560px\" \/><\/figure><div class=\"elementor-image-box-content\"><h3 class=\"elementor-image-box-title\">Bioscientia Healthcare GmbH<\/h3><p class=\"elementor-image-box-description\">Leader in laboratory diagnostics and a reliable partner for medical analyses at the highest level.<\/p><\/div><\/div>\t\t\t\t<\/div>\n\t\t\t\t<\/div>\n\t\t\t\t<div class=\"elementor-element elementor-element-680cf93 elementor-position-top elementor-widget elementor-widget-image-box\" data-id=\"680cf93\" data-element_type=\"widget\" data-e-type=\"widget\" data-settings=\"{&quot;ekit_we_effect_on&quot;:&quot;none&quot;}\" data-widget_type=\"image-box.default\">\n\t\t\t\t<div class=\"elementor-widget-container\">\n\t\t\t\t\t<div class=\"elementor-image-box-wrapper\"><figure class=\"elementor-image-box-img\"><img loading=\"lazy\" decoding=\"async\" width=\"900\" height=\"400\" src=\"https:\/\/lzw-wiesbaden.de\/wp-content\/uploads\/2023\/12\/lzw_ziemer_ophthalmology_logo.png\" class=\"attachment-full size-full wp-image-1769\" alt=\"Ziemer Ophthalmology Logo\" srcset=\"https:\/\/lzw-wiesbaden.de\/wp-content\/uploads\/2023\/12\/lzw_ziemer_ophthalmology_logo.png 900w, https:\/\/lzw-wiesbaden.de\/wp-content\/uploads\/2023\/12\/lzw_ziemer_ophthalmology_logo-300x133.png 300w, https:\/\/lzw-wiesbaden.de\/wp-content\/uploads\/2023\/12\/lzw_ziemer_ophthalmology_logo-768x341.png 768w\" sizes=\"(max-width: 900px) 100vw, 900px\" \/><\/figure><div class=\"elementor-image-box-content\"><h3 class=\"elementor-image-box-title\">Ziemer Ophthalmology (Germany) GmbH<\/h3><p class=\"elementor-image-box-description\">Experts for the latest technologies and equipment in refractive and therapeutic eye surgery.<\/p><\/div><\/div>\t\t\t\t<\/div>\n\t\t\t\t<\/div>\n\t\t\t\t<\/div>\n\t\t\t\t<\/div>\n\t\t\t\t\t<\/div>\n\t\t\t\t<\/div>\n\t\t\t\t<\/div>","protected":false},"excerpt":{"rendered":"<p>Unsere starken Kooperationspartner Unsere starken Kooperations-partner Um Ihnen die bestm\u00f6gliche Versorgung zu bieten, arbeiten wir mit ausgew\u00e4hlten Kooperationspartnern aus den Bereichen Augenheilkunde, Gesundheitswesen und Technik zusammen. Kooperationspartner entdecken Diese Partnerschaften erm\u00f6glichen es uns, modernste Verfahren, innovative Technologien und fundierte Beratung zu gew\u00e4hrleisten. Gemeinsam setzen wir uns f\u00fcr Ihre Augengesundheit ein \u2013 auf h\u00f6chstem Niveau. Bausch [&hellip;]<\/p>\n","protected":false},"author":1,"featured_media":22,"parent":0,"menu_order":0,"comment_status":"closed","ping_status":"closed","template":"","meta":{"site-sidebar-layout":"no-sidebar","site-content-layout":"page-builder","ast-site-content-layout":"full-width-container","site-content-style":"unboxed","site-sidebar-style":"unboxed","ast-global-header-display":"","ast-banner-title-visibility":"","ast-main-header-display":"","ast-hfb-above-header-display":"","ast-hfb-below-header-display":"","ast-hfb-mobile-header-display":"","site-post-title":"disabled","ast-breadcrumbs-content":"","ast-featured-img":"disabled","footer-sml-layout":"","ast-disable-related-posts":"","theme-transparent-header-meta":"enabled","adv-header-id-meta":"","stick-header-meta":"","header-above-stick-meta":"","header-main-stick-meta":"","header-below-stick-meta":"","astra-migrate-meta-layouts":"set","ast-page-background-enabled":"default","ast-page-background-meta":{"desktop":{"background-color":"","background-image":"","background-repeat":"repeat","background-position":"center center","background-size":"auto","background-attachment":"scroll","background-type":"","background-media":"","overlay-type":"","overlay-color":"","overlay-opacity":"","overlay-gradient":""},"tablet":{"background-color":"","background-image":"","background-repeat":"repeat","background-position":"center center","background-size":"auto","background-attachment":"scroll","background-type":"","background-media":"","overlay-type":"","overlay-color":"","overlay-opacity":"","overlay-gradient":""},"mobile":{"background-color":"","background-image":"","background-repeat":"repeat","background-position":"center center","background-size":"auto","background-attachment":"scroll","background-type":"","background-media":"","overlay-type":"","overlay-color":"","overlay-opacity":"","overlay-gradient":""}},"ast-content-background-meta":{"desktop":{"background-color":"var(--ast-global-color-5)","background-image":"","background-repeat":"repeat","background-position":"center center","background-size":"auto","background-attachment":"scroll","background-type":"","background-media":"","overlay-type":"","overlay-color":"","overlay-opacity":"","overlay-gradient":""},"tablet":{"background-color":"var(--ast-global-color-5)","background-image":"","background-repeat":"repeat","background-position":"center center","background-size":"auto","background-attachment":"scroll","background-type":"","background-media":"","overlay-type":"","overlay-color":"","overlay-opacity":"","overlay-gradient":""},"mobile":{"background-color":"var(--ast-global-color-5)","background-image":"","background-repeat":"repeat","background-position":"center center","background-size":"auto","background-attachment":"scroll","background-type":"","background-media":"","overlay-type":"","overlay-color":"","overlay-opacity":"","overlay-gradient":""}},"footnotes":""},"class_list":["post-7493","page","type-page","status-publish","has-post-thumbnail","hentry"],"yoast_head":"<!-- This site is optimized with the Yoast SEO plugin v27.3 - https:\/\/yoast.com\/product\/yoast-seo-wordpress\/ -->\n<title>Kooperationspartner | Unsere Partner | LZW<\/title>\n<meta name=\"description\" content=\"Erfahren Sie mehr \u00fcber unsere Kooperationspartner. Gemeinsam f\u00fcr Ihre optimale Versorgung \u25ba Jetzt mehr erfahren.\" \/>\n<meta name=\"robots\" content=\"noindex, follow\" \/>\n<meta property=\"og:locale\" content=\"en_US\" \/>\n<meta property=\"og:type\" content=\"article\" \/>\n<meta property=\"og:title\" content=\"Kooperationspartner | Unsere Partner | LZW\" \/>\n<meta property=\"og:description\" content=\"Erfahren Sie mehr \u00fcber unsere Kooperationspartner. Gemeinsam f\u00fcr Ihre optimale Versorgung \u25ba Jetzt mehr erfahren.\" \/>\n<meta property=\"og:url\" content=\"https:\/\/lzw-wiesbaden.de\/en\/cooperation-partner-lzw\/\" \/>\n<meta property=\"og:site_name\" content=\"Laserzentrum Wiesbaden\" \/>\n<meta property=\"article:modified_time\" content=\"2026-04-03T11:02:03+00:00\" \/>\n<meta property=\"og:image\" content=\"https:\/\/lzw-wiesbaden.de\/wp-content\/uploads\/2023\/12\/logo_lzw-rund.png\" \/>\n\t<meta property=\"og:image:width\" content=\"950\" \/>\n\t<meta property=\"og:image:height\" content=\"950\" \/>\n\t<meta property=\"og:image:type\" content=\"image\/png\" \/>\n<meta name=\"twitter:card\" content=\"summary_large_image\" \/>\n<meta name=\"twitter:label1\" content=\"Est. reading time\" \/>\n\t<meta name=\"twitter:data1\" content=\"3 minutes\" \/>\n<script type=\"application\/ld+json\" class=\"yoast-schema-graph\">{\"@context\":\"https:\\\/\\\/schema.org\",\"@graph\":[{\"@type\":\"WebPage\",\"@id\":\"https:\\\/\\\/lzw-wiesbaden.de\\\/kooperationspartner-lzw\\\/\",\"url\":\"https:\\\/\\\/lzw-wiesbaden.de\\\/kooperationspartner-lzw\\\/\",\"name\":\"Kooperationspartner | Unsere Partner | LZW\",\"isPartOf\":{\"@id\":\"https:\\\/\\\/lzw-wiesbaden.de\\\/#website\"},\"primaryImageOfPage\":{\"@id\":\"https:\\\/\\\/lzw-wiesbaden.de\\\/kooperationspartner-lzw\\\/#primaryimage\"},\"image\":{\"@id\":\"https:\\\/\\\/lzw-wiesbaden.de\\\/kooperationspartner-lzw\\\/#primaryimage\"},\"thumbnailUrl\":\"https:\\\/\\\/lzw-wiesbaden.de\\\/wp-content\\\/uploads\\\/2023\\\/12\\\/logo_lzw-rund.png\",\"datePublished\":\"2025-01-05T22:52:08+00:00\",\"dateModified\":\"2026-04-03T11:02:03+00:00\",\"description\":\"Erfahren Sie mehr \u00fcber unsere Kooperationspartner. Gemeinsam f\u00fcr Ihre optimale Versorgung \u25ba Jetzt mehr erfahren.\",\"breadcrumb\":{\"@id\":\"https:\\\/\\\/lzw-wiesbaden.de\\\/kooperationspartner-lzw\\\/#breadcrumb\"},\"inLanguage\":\"en-US\",\"potentialAction\":[{\"@type\":\"ReadAction\",\"target\":[\"https:\\\/\\\/lzw-wiesbaden.de\\\/kooperationspartner-lzw\\\/\"]}]},{\"@type\":\"ImageObject\",\"inLanguage\":\"en-US\",\"@id\":\"https:\\\/\\\/lzw-wiesbaden.de\\\/kooperationspartner-lzw\\\/#primaryimage\",\"url\":\"https:\\\/\\\/lzw-wiesbaden.de\\\/wp-content\\\/uploads\\\/2023\\\/12\\\/logo_lzw-rund.png\",\"contentUrl\":\"https:\\\/\\\/lzw-wiesbaden.de\\\/wp-content\\\/uploads\\\/2023\\\/12\\\/logo_lzw-rund.png\",\"width\":950,\"height\":950},{\"@type\":\"BreadcrumbList\",\"@id\":\"https:\\\/\\\/lzw-wiesbaden.de\\\/kooperationspartner-lzw\\\/#breadcrumb\",\"itemListElement\":[{\"@type\":\"ListItem\",\"position\":1,\"name\":\"Startseite\",\"item\":\"https:\\\/\\\/lzw-wiesbaden.de\\\/\"},{\"@type\":\"ListItem\",\"position\":2,\"name\":\"Kooperationen\"}]},{\"@type\":\"WebSite\",\"@id\":\"https:\\\/\\\/lzw-wiesbaden.de\\\/#website\",\"url\":\"https:\\\/\\\/lzw-wiesbaden.de\\\/\",\"name\":\"Laserzentrum Wiesbaden\",\"description\":\"Privatklinik f\u00fcr Sehkorrekturen\",\"publisher\":{\"@id\":\"https:\\\/\\\/lzw-wiesbaden.de\\\/#organization\"},\"potentialAction\":[{\"@type\":\"SearchAction\",\"target\":{\"@type\":\"EntryPoint\",\"urlTemplate\":\"https:\\\/\\\/lzw-wiesbaden.de\\\/?s={search_term_string}\"},\"query-input\":{\"@type\":\"PropertyValueSpecification\",\"valueRequired\":true,\"valueName\":\"search_term_string\"}}],\"inLanguage\":\"en-US\"},{\"@type\":\"Organization\",\"@id\":\"https:\\\/\\\/lzw-wiesbaden.de\\\/#organization\",\"name\":\"Laserzentrum Wiesbaden\",\"url\":\"https:\\\/\\\/lzw-wiesbaden.de\\\/\",\"logo\":{\"@type\":\"ImageObject\",\"inLanguage\":\"en-US\",\"@id\":\"https:\\\/\\\/lzw-wiesbaden.de\\\/#\\\/schema\\\/logo\\\/image\\\/\",\"url\":\"https:\\\/\\\/lzw-wiesbaden.de\\\/wp-content\\\/uploads\\\/2023\\\/12\\\/lzw_logo_schriftzug.png\",\"contentUrl\":\"https:\\\/\\\/lzw-wiesbaden.de\\\/wp-content\\\/uploads\\\/2023\\\/12\\\/lzw_logo_schriftzug.png\",\"width\":600,\"height\":72,\"caption\":\"Laserzentrum Wiesbaden\"},\"image\":{\"@id\":\"https:\\\/\\\/lzw-wiesbaden.de\\\/#\\\/schema\\\/logo\\\/image\\\/\"}}]}<\/script>\n<!-- \/ Yoast SEO plugin. -->","yoast_head_json":{"title":"Cooperation partners | Our partners | LZW","description":"Find out more about our cooperation partners. Together for your optimal care \u25ba Find out more now.","robots":{"index":"noindex","follow":"follow"},"og_locale":"en_US","og_type":"article","og_title":"Kooperationspartner | Unsere Partner | LZW","og_description":"Erfahren Sie mehr \u00fcber unsere Kooperationspartner. Gemeinsam f\u00fcr Ihre optimale Versorgung \u25ba Jetzt mehr erfahren.","og_url":"https:\/\/lzw-wiesbaden.de\/en\/cooperation-partner-lzw\/","og_site_name":"Laserzentrum Wiesbaden","article_modified_time":"2026-04-03T11:02:03+00:00","og_image":[{"width":950,"height":950,"url":"https:\/\/lzw-wiesbaden.de\/wp-content\/uploads\/2023\/12\/logo_lzw-rund.png","type":"image\/png"}],"twitter_card":"summary_large_image","twitter_misc":{"Est. reading time":"3 minutes"},"schema":{"@context":"https:\/\/schema.org","@graph":[{"@type":"WebPage","@id":"https:\/\/lzw-wiesbaden.de\/kooperationspartner-lzw\/","url":"https:\/\/lzw-wiesbaden.de\/kooperationspartner-lzw\/","name":"Cooperation partners | Our partners | LZW","isPartOf":{"@id":"https:\/\/lzw-wiesbaden.de\/#website"},"primaryImageOfPage":{"@id":"https:\/\/lzw-wiesbaden.de\/kooperationspartner-lzw\/#primaryimage"},"image":{"@id":"https:\/\/lzw-wiesbaden.de\/kooperationspartner-lzw\/#primaryimage"},"thumbnailUrl":"https:\/\/lzw-wiesbaden.de\/wp-content\/uploads\/2023\/12\/logo_lzw-rund.png","datePublished":"2025-01-05T22:52:08+00:00","dateModified":"2026-04-03T11:02:03+00:00","description":"Find out more about our cooperation partners. Together for your optimal care \u25ba Find out more now.","breadcrumb":{"@id":"https:\/\/lzw-wiesbaden.de\/kooperationspartner-lzw\/#breadcrumb"},"inLanguage":"en-US","potentialAction":[{"@type":"ReadAction","target":["https:\/\/lzw-wiesbaden.de\/kooperationspartner-lzw\/"]}]},{"@type":"ImageObject","inLanguage":"en-US","@id":"https:\/\/lzw-wiesbaden.de\/kooperationspartner-lzw\/#primaryimage","url":"https:\/\/lzw-wiesbaden.de\/wp-content\/uploads\/2023\/12\/logo_lzw-rund.png","contentUrl":"https:\/\/lzw-wiesbaden.de\/wp-content\/uploads\/2023\/12\/logo_lzw-rund.png","width":950,"height":950},{"@type":"BreadcrumbList","@id":"https:\/\/lzw-wiesbaden.de\/kooperationspartner-lzw\/#breadcrumb","itemListElement":[{"@type":"ListItem","position":1,"name":"Startseite","item":"https:\/\/lzw-wiesbaden.de\/"},{"@type":"ListItem","position":2,"name":"Kooperationen"}]},{"@type":"WebSite","@id":"https:\/\/lzw-wiesbaden.de\/#website","url":"https:\/\/lzw-wiesbaden.de\/","name":"Laserzentrum Wiesbaden","description":"private clinic for vision correction","publisher":{"@id":"https:\/\/lzw-wiesbaden.de\/#organization"},"potentialAction":[{"@type":"SearchAction","target":{"@type":"EntryPoint","urlTemplate":"https:\/\/lzw-wiesbaden.de\/?s={search_term_string}"},"query-input":{"@type":"PropertyValueSpecification","valueRequired":true,"valueName":"search_term_string"}}],"inLanguage":"en-US"},{"@type":"Organization","@id":"https:\/\/lzw-wiesbaden.de\/#organization","name":"Laserzentrum Wiesbaden","url":"https:\/\/lzw-wiesbaden.de\/","logo":{"@type":"ImageObject","inLanguage":"en-US","@id":"https:\/\/lzw-wiesbaden.de\/#\/schema\/logo\/image\/","url":"https:\/\/lzw-wiesbaden.de\/wp-content\/uploads\/2023\/12\/lzw_logo_schriftzug.png","contentUrl":"https:\/\/lzw-wiesbaden.de\/wp-content\/uploads\/2023\/12\/lzw_logo_schriftzug.png","width":600,"height":72,"caption":"Laserzentrum Wiesbaden"},"image":{"@id":"https:\/\/lzw-wiesbaden.de\/#\/schema\/logo\/image\/"}}]}},"_links":{"self":[{"href":"https:\/\/lzw-wiesbaden.de\/en\/wp-json\/wp\/v2\/pages\/7493","targetHints":{"allow":["GET"]}}],"collection":[{"href":"https:\/\/lzw-wiesbaden.de\/en\/wp-json\/wp\/v2\/pages"}],"about":[{"href":"https:\/\/lzw-wiesbaden.de\/en\/wp-json\/wp\/v2\/types\/page"}],"author":[{"embeddable":true,"href":"https:\/\/lzw-wiesbaden.de\/en\/wp-json\/wp\/v2\/users\/1"}],"replies":[{"embeddable":true,"href":"https:\/\/lzw-wiesbaden.de\/en\/wp-json\/wp\/v2\/comments?post=7493"}],"version-history":[{"count":20,"href":"https:\/\/lzw-wiesbaden.de\/en\/wp-json\/wp\/v2\/pages\/7493\/revisions"}],"predecessor-version":[{"id":9283,"href":"https:\/\/lzw-wiesbaden.de\/en\/wp-json\/wp\/v2\/pages\/7493\/revisions\/9283"}],"wp:featuredmedia":[{"embeddable":true,"href":"https:\/\/lzw-wiesbaden.de\/en\/wp-json\/wp\/v2\/media\/22"}],"wp:attachment":[{"href":"https:\/\/lzw-wiesbaden.de\/en\/wp-json\/wp\/v2\/media?parent=7493"}],"curies":[{"name":"wp","href":"https:\/\/api.w.org\/{rel}","templated":true}]}}